{"id":1031,"date":"2025-09-29T08:23:00","date_gmt":"2025-09-29T08:23:00","guid":{"rendered":"https:\/\/advans-cameroun.lasuiteandco.fr\/jobs\/"},"modified":"2025-09-29T08:53:35","modified_gmt":"2025-09-29T08:53:35","slug":"jobs","status":"publish","type":"page","link":"https:\/\/www.advanscameroun.com\/en\/jobs\/","title":{"rendered":"Jobs"},"content":{"rendered":"<div role=\"form\" class=\"wpcf7\" id=\"wpcf7-f922-p922-o1\" lang=\"en-US\" dir=\"ltr\"><div><div class=\"wpcf7-form\"><div class=\"fit-the-fullspace\"><div><div class=\"screen-reader-response\"><p role=\"status\" aria-live=\"polite\" aria-atomic=\"true\"><\/p> <ul><\/ul><\/div><form action=\"\/en\/wp-json\/wp\/v2\/pages\/1031#wpcf7-f922-p922-o1\" method=\"post\" class=\"wpcf7-form init\" enctype=\"\" autocomplete=\"autocomplete\" novalidate=\"novalidate\" data-status=\"init\" locale=\"en_US\"><div style=\"display: block;\"><input type=\"hidden\" name=\"_wpcf7\" value=\"922\" \/>\n<input type=\"hidden\" name=\"_wpcf7_version\" value=\"6.1.5\" \/>\n<input type=\"hidden\" name=\"_wpcf7_locale\" value=\"en_US\" \/>\n<input type=\"hidden\" name=\"_wpcf7_unit_tag\" value=\"wpcf7-f922-p922-o1\" \/>\n<input type=\"hidden\" name=\"_wpcf7_posted_data_hash\" value=\"\" \/>\n<input type=\"hidden\" name=\"_wpcf7_fit-the-fullspace\" value=\"\" \/>\n<\/div><label> Your name\n    <span class=\"wpcf7-form-control-wrap\" data-name=\"your-name\"><input size=\"40\" maxlength=\"400\" class=\"wpcf7-form-control wpcf7-text wpcf7-validates-as-required\" id=\"your-name\" autocomplete=\"name\" aria-required=\"true\" aria-invalid=\"false\" value=\"\" type=\"text\" name=\"your-name\" \/><\/span> <\/label>\n\n<label> Your email\n    <span class=\"wpcf7-form-control-wrap\" data-name=\"your-email\"><input size=\"40\" maxlength=\"400\" class=\"wpcf7-form-control wpcf7-email wpcf7-validates-as-required wpcf7-text wpcf7-validates-as-email\" id=\"your-email\" autocomplete=\"email\" aria-required=\"true\" aria-invalid=\"false\" value=\"\" type=\"email\" name=\"your-email\" \/><\/span> <\/label>\n\n<label> Subject\n    <span class=\"wpcf7-form-control-wrap\" data-name=\"your-subject\"><input size=\"40\" maxlength=\"400\" class=\"wpcf7-form-control wpcf7-text wpcf7-validates-as-required\" id=\"your-subject\" aria-required=\"true\" aria-invalid=\"false\" value=\"\" type=\"text\" name=\"your-subject\" \/><\/span> <\/label>\n\n<label> Your message (optional)\n    <span class=\"wpcf7-form-control-wrap\" data-name=\"your-message\"><textarea cols=\"40\" rows=\"10\" maxlength=\"2000\" class=\"wpcf7-form-control wpcf7-textarea\" id=\"your-message\" aria-invalid=\"false\" name=\"your-message\"><\/textarea><\/span> <\/label>\n\n<input class=\"wpcf7-form-control wpcf7-submit has-spinner\" type=\"submit\" value=\"Submit\" \/><div class=\"wpcf7-response-output\" aria-hidden=\"true\"><\/div><\/form><\/div><\/div><\/div><\/div><\/div>\n    <div id=\"\" class=\"jobs-block-main-jobp\">\n        <div class=\"container\">\n            <div class=\"row\">\n                <div class=\"col-lg-12 col-md-12 col-sm-12 col-12 jobs-block-in-jobp\">\n                                                                <div class=\"jobs-filters-bar-main-jobp\">\n                            <p>Filtres<\/p>\n                            <div class=\"jobs-filters-menu-jobp filters\">\n                                                                    <div class=\"col-lg-3 col-md-3 col-sm-6 col-12 jobs-filter-drop-menu-jobp\">\n                                        <select class=\"selectpicker\" title=\"Contract type\" multiple=\"multiple\" data-max-options=\"1\" data-taxonomy=\"jobs_contract_types\">\n                                                                                            <option value=\"cdi-contrat-a-duree-indeterminee\">CDI &#8211; Contrat \u00e0 dur\u00e9e ind\u00e9termin\u00e9e<\/option>\n                                                                                            <option value=\"stage-professionnel\">Stage Professionnel<\/option>\n                                                                                    <\/select>\n                                    <\/div>\n                                                                                                    <div class=\"col-lg-3 col-md-3 col-sm-6 col-12 jobs-filter-drop-menu-jobp\">\n                                        <select class=\"selectpicker\" title=\"\" multiple=\"multiple\" data-max-options=\"1\" data-taxonomy=\"jobs_countries\">\n                                                                                            <option value=\"cm\">Cameroun<\/option>\n                                                                                    <\/select>\n                                    <\/div>\n                                                                                                    <div class=\"col-lg-3 col-md-3 col-sm-6 col-12 jobs-filter-drop-menu-jobp\">\n                                        <select class=\"selectpicker\" title=\"\" multiple=\"multiple\" data-max-options=\"1\" data-taxonomy=\"jobs_cities\">\n                                                                                            <option value=\"douala\">Douala<\/option>\n                                                                                    <\/select>\n                                    <\/div>\n                                                                                                    <div class=\"col-lg-3 col-md-3 col-sm-6 col-12 jobs-filter-drop-menu-jobp\">\n                                        <select class=\"selectpicker\" title=\"Experience\" multiple=\"multiple\" data-max-options=\"1\" data-taxonomy=\"jobs_experiences\">\n                                                                                            <option value=\"debutant\">D\u00e9butant<\/option>\n                                                                                            <option value=\"plus-de-6-mois\">Plus de 6 mois<\/option>\n                                                                                            <option value=\"plus-de-5-ans\">Plus de 5 ans<\/option>\n                                                                                    <\/select>\n                                    <\/div>\n                                                            <\/div>\n                        <\/div>\n                                        <div class=\"jobs-list-main-jobp\">\n                        <div id=\"jobsCount\" class=\"jobs-result-text-jobp\">\n                            <span class=\"count\"><\/span>\n                            <span class=\"singular_sufix\"> r\u00e9sultat<\/span>\n                            <span class=\"sufix\"> r\u00e9sultats<\/span>\n                        <\/div>\n                        <div id=\"jobsList\" class=\"jobs-result-list-main-jobp\">\n                            <div class=\"w-100 d-flex justify-content-center align-items-center my-5\">\n                                <span class=\"loader\"><\/span>\n                            <\/div>\n                        <\/div>\n                        <div id=\"loadmoreContainer\" class=\"jobs-result-btn-jobp\">\n                            <a href=\"javascript:void(0)\" id=\"loadmore\" class=\"btn default-btn-hp default-btn-large-hp\">More jobs<\/a>\n                        <\/div>\n                    <\/div>\n                <\/div>\n            <\/div>\n        <\/div>\n    <\/div>\n\n\n\n\n    <div id=\"\"\n         class=\"simulator-block-main-hp simulator-w-img-block-main-hp image-text-button bg-grey\">\n        <div class=\"container\">\n            <div class=\"row\">\n                <div class=\"col-lg-12 col-md-12 col-sm-12 col-12 simulator-block-in-hp\">\n                    <div class=\"row\">\n                        <div class=\"container-1130\">\n                            <div class=\"simulator-box-main-hp\">\n                                                                    <div class=\"simulator-box-icon-hp\">\n                                        <img decoding=\"async\" src=\"https:\/\/www.advanscameroun.com\/wp-content\/uploads\/sites\/9\/2025\/09\/portrait_femme-illu.svg\" alt=\"\" width=\"432\" height=\"444\">\n                                    <\/div>\n                                                                <div class=\"simulator-info-hp\">\n                                                                            <h2><strong>Spontaneous Application<\/strong><\/h2>\n<p>Are you looking for a rewarding professional experience full of opportunities? Submit your spontaneous application and join us!<\/p>\n                                                                                                                <div class=\"myapp-download-box-hp\">\n                                                                                            <div class=\"myapp-apple-pay-btn-hp\">\n                                                    <a class=\"btn-grey\"\n                                                       href=\"\/en\/spontaneous-application\/\"\n                                                       target=\"_self\">Apply<\/a>\n                                                <\/div>\n                                                                                                                                <\/div>\n                                                                    <\/div>\n                            <\/div>\n                        <\/div>\n                    <\/div>\n                <\/div>\n            <\/div>\n        <\/div>\n    <\/div>\n\n","protected":false},"excerpt":{"rendered":"<p>Your name Your email Subject Your message (optional)<\/p>\n","protected":false},"author":25,"featured_media":0,"parent":0,"menu_order":0,"comment_status":"closed","ping_status":"closed","template":"","meta":{"_acf_changed":false,"footnotes":""},"class_list":["post-1031","page","type-page","status-publish","hentry"],"acf":[],"yoast_head":"<!-- This site is optimized with the Yoast SEO plugin v27.4 - https:\/\/yoast.com\/product\/yoast-seo-wordpress\/ -->\n<title>Jobs - Advans Cameroun<\/title>\n<meta name=\"robots\" content=\"index, follow, max-snippet:-1, max-image-preview:large, max-video-preview:-1\" \/>\n<link rel=\"canonical\" href=\"https:\/\/www.advanscameroun.com\/en\/jobs\/\" \/>\n<meta property=\"og:locale\" content=\"en_US\" \/>\n<meta property=\"og:type\" content=\"article\" \/>\n<meta property=\"og:title\" content=\"Jobs - Advans Cameroun\" \/>\n<meta property=\"og:description\" content=\"Your name Your email Subject Your message (optional)\" \/>\n<meta property=\"og:url\" content=\"https:\/\/www.advanscameroun.com\/en\/jobs\/\" \/>\n<meta property=\"og:site_name\" content=\"Advans Cameroun\" \/>\n<meta property=\"article:modified_time\" content=\"2025-09-29T08:53:35+00:00\" \/>\n<meta name=\"twitter:card\" content=\"summary_large_image\" \/>\n<script type=\"application\/ld+json\" class=\"yoast-schema-graph\">{\"@context\":\"https:\\\/\\\/schema.org\",\"@graph\":[{\"@type\":\"WebPage\",\"@id\":\"https:\\\/\\\/www.advanscameroun.com\\\/en\\\/jobs\\\/\",\"url\":\"https:\\\/\\\/www.advanscameroun.com\\\/en\\\/jobs\\\/\",\"name\":\"Jobs - Advans Cameroun\",\"isPartOf\":{\"@id\":\"https:\\\/\\\/www.advanscameroun.com\\\/en\\\/#website\"},\"datePublished\":\"2025-09-29T08:23:00+00:00\",\"dateModified\":\"2025-09-29T08:53:35+00:00\",\"breadcrumb\":{\"@id\":\"https:\\\/\\\/www.advanscameroun.com\\\/en\\\/jobs\\\/#breadcrumb\"},\"inLanguage\":\"en-US\",\"potentialAction\":[{\"@type\":\"ReadAction\",\"target\":[\"https:\\\/\\\/www.advanscameroun.com\\\/en\\\/jobs\\\/\"]}]},{\"@type\":\"BreadcrumbList\",\"@id\":\"https:\\\/\\\/www.advanscameroun.com\\\/en\\\/jobs\\\/#breadcrumb\",\"itemListElement\":[{\"@type\":\"ListItem\",\"position\":1,\"name\":\"Home\",\"item\":\"https:\\\/\\\/www.advanscameroun.com\\\/en\\\/\"},{\"@type\":\"ListItem\",\"position\":2,\"name\":\"Jobs\"}]},{\"@type\":\"WebSite\",\"@id\":\"https:\\\/\\\/www.advanscameroun.com\\\/en\\\/#website\",\"url\":\"https:\\\/\\\/www.advanscameroun.com\\\/en\\\/\",\"name\":\"Advans Cameroun\",\"description\":\"\",\"publisher\":{\"@id\":\"https:\\\/\\\/www.advanscameroun.com\\\/en\\\/#organization\"},\"potentialAction\":[{\"@type\":\"SearchAction\",\"target\":{\"@type\":\"EntryPoint\",\"urlTemplate\":\"https:\\\/\\\/www.advanscameroun.com\\\/en\\\/?s={search_term_string}\"},\"query-input\":{\"@type\":\"PropertyValueSpecification\",\"valueRequired\":true,\"valueName\":\"search_term_string\"}}],\"inLanguage\":\"en-US\"},{\"@type\":\"Organization\",\"@id\":\"https:\\\/\\\/www.advanscameroun.com\\\/en\\\/#organization\",\"name\":\"Advans Cameroun\",\"url\":\"https:\\\/\\\/www.advanscameroun.com\\\/en\\\/\",\"logo\":{\"@type\":\"ImageObject\",\"inLanguage\":\"en-US\",\"@id\":\"https:\\\/\\\/www.advanscameroun.com\\\/en\\\/#\\\/schema\\\/logo\\\/image\\\/\",\"url\":\"https:\\\/\\\/www.advanscameroun.com\\\/wp-content\\\/uploads\\\/sites\\\/9\\\/2025\\\/05\\\/Advans_Cameroun_Logo.svg\",\"contentUrl\":\"https:\\\/\\\/www.advanscameroun.com\\\/wp-content\\\/uploads\\\/sites\\\/9\\\/2025\\\/05\\\/Advans_Cameroun_Logo.svg\",\"width\":1,\"height\":1,\"caption\":\"Advans Cameroun\"},\"image\":{\"@id\":\"https:\\\/\\\/www.advanscameroun.com\\\/en\\\/#\\\/schema\\\/logo\\\/image\\\/\"}}]}<\/script>\n<!-- \/ Yoast SEO plugin. -->","yoast_head_json":{"title":"Jobs - Advans Cameroun","robots":{"index":"index","follow":"follow","max-snippet":"max-snippet:-1","max-image-preview":"max-image-preview:large","max-video-preview":"max-video-preview:-1"},"canonical":"https:\/\/www.advanscameroun.com\/en\/jobs\/","og_locale":"en_US","og_type":"article","og_title":"Jobs - Advans Cameroun","og_description":"Your name Your email Subject Your message (optional)","og_url":"https:\/\/www.advanscameroun.com\/en\/jobs\/","og_site_name":"Advans Cameroun","article_modified_time":"2025-09-29T08:53:35+00:00","twitter_card":"summary_large_image","schema":{"@context":"https:\/\/schema.org","@graph":[{"@type":"WebPage","@id":"https:\/\/www.advanscameroun.com\/en\/jobs\/","url":"https:\/\/www.advanscameroun.com\/en\/jobs\/","name":"Jobs - Advans Cameroun","isPartOf":{"@id":"https:\/\/www.advanscameroun.com\/en\/#website"},"datePublished":"2025-09-29T08:23:00+00:00","dateModified":"2025-09-29T08:53:35+00:00","breadcrumb":{"@id":"https:\/\/www.advanscameroun.com\/en\/jobs\/#breadcrumb"},"inLanguage":"en-US","potentialAction":[{"@type":"ReadAction","target":["https:\/\/www.advanscameroun.com\/en\/jobs\/"]}]},{"@type":"BreadcrumbList","@id":"https:\/\/www.advanscameroun.com\/en\/jobs\/#breadcrumb","itemListElement":[{"@type":"ListItem","position":1,"name":"Home","item":"https:\/\/www.advanscameroun.com\/en\/"},{"@type":"ListItem","position":2,"name":"Jobs"}]},{"@type":"WebSite","@id":"https:\/\/www.advanscameroun.com\/en\/#website","url":"https:\/\/www.advanscameroun.com\/en\/","name":"Advans Cameroun","description":"","publisher":{"@id":"https:\/\/www.advanscameroun.com\/en\/#organization"},"potentialAction":[{"@type":"SearchAction","target":{"@type":"EntryPoint","urlTemplate":"https:\/\/www.advanscameroun.com\/en\/?s={search_term_string}"},"query-input":{"@type":"PropertyValueSpecification","valueRequired":true,"valueName":"search_term_string"}}],"inLanguage":"en-US"},{"@type":"Organization","@id":"https:\/\/www.advanscameroun.com\/en\/#organization","name":"Advans Cameroun","url":"https:\/\/www.advanscameroun.com\/en\/","logo":{"@type":"ImageObject","inLanguage":"en-US","@id":"https:\/\/www.advanscameroun.com\/en\/#\/schema\/logo\/image\/","url":"https:\/\/www.advanscameroun.com\/wp-content\/uploads\/sites\/9\/2025\/05\/Advans_Cameroun_Logo.svg","contentUrl":"https:\/\/www.advanscameroun.com\/wp-content\/uploads\/sites\/9\/2025\/05\/Advans_Cameroun_Logo.svg","width":1,"height":1,"caption":"Advans Cameroun"},"image":{"@id":"https:\/\/www.advanscameroun.com\/en\/#\/schema\/logo\/image\/"}}]}},"_links":{"self":[{"href":"https:\/\/www.advanscameroun.com\/en\/wp-json\/wp\/v2\/pages\/1031","targetHints":{"allow":["GET"]}}],"collection":[{"href":"https:\/\/www.advanscameroun.com\/en\/wp-json\/wp\/v2\/pages"}],"about":[{"href":"https:\/\/www.advanscameroun.com\/en\/wp-json\/wp\/v2\/types\/page"}],"author":[{"embeddable":true,"href":"https:\/\/www.advanscameroun.com\/en\/wp-json\/wp\/v2\/users\/25"}],"replies":[{"embeddable":true,"href":"https:\/\/www.advanscameroun.com\/en\/wp-json\/wp\/v2\/comments?post=1031"}],"version-history":[{"count":4,"href":"https:\/\/www.advanscameroun.com\/en\/wp-json\/wp\/v2\/pages\/1031\/revisions"}],"predecessor-version":[{"id":1039,"href":"https:\/\/www.advanscameroun.com\/en\/wp-json\/wp\/v2\/pages\/1031\/revisions\/1039"}],"wp:attachment":[{"href":"https:\/\/www.advanscameroun.com\/en\/wp-json\/wp\/v2\/media?parent=1031"}],"curies":[{"name":"wp","href":"https:\/\/api.w.org\/{rel}","templated":true}]}}